{"id":5861,"date":"2024-08-25T15:50:05","date_gmt":"2024-08-25T15:50:05","guid":{"rendered":"https:\/\/hccclakestevens.org\/?page_id=5861"},"modified":"2026-03-19T20:14:14","modified_gmt":"2026-03-19T20:14:14","slug":"quinceaneras-2025","status":"publish","type":"page","link":"https:\/\/hccclakestevens.org\/index.php\/quinceaneras-2025\/","title":{"rendered":"Quinceaneras"},"content":{"rendered":"<p>[et_pb_section fb_built=&#8221;1&#8243; admin_label=&#8221;section&#8221; _builder_version=&#8221;4.16&#8243; global_colors_info=&#8221;{}&#8221;][et_pb_row admin_label=&#8221;row&#8221; _builder_version=&#8221;4.16&#8243; background_size=&#8221;initial&#8221; background_position=&#8221;top_left&#8221; background_repeat=&#8221;repeat&#8221; global_colors_info=&#8221;{}&#8221;][et_pb_column type=&#8221;4_4&#8243; _builder_version=&#8221;4.16&#8243; _module_preset=&#8221;default&#8221; global_colors_info=&#8221;{}&#8221;][et_pb_text admin_label=&#8221;Text&#8221; _builder_version=&#8221;4.16&#8243; background_size=&#8221;initial&#8221; background_position=&#8221;top_left&#8221; background_repeat=&#8221;repeat&#8221; global_colors_info=&#8221;{}&#8221;]<\/p>\n<h1 style=\"text-align: left;\"><span style=\"color: #333333;\"><strong>Quincea\u00f1eras in 2026<\/strong><\/span><\/h1>\n<p>&nbsp;<\/p>\n<p><span style=\"font-size: x-large; color: #000000;\">Call Alicia Ramirez at 360-691-2636 to make an appointment.<\/span><\/p>\n<p><span style=\"color: #000000; font-size: x-large;\">Dates for Quincea\u00f1eras in 2027 will be available in July 2026.\u00a0<\/span><span style=\"font-size: 18px;\"><\/span><\/p>\n<p><span style=\"font-size: 18px;\"><\/span><\/p>\n<p>[\/et_pb_text][et_pb_text _builder_version=&#8221;4.27.4&#8243; _module_preset=&#8221;default&#8221; hover_enabled=&#8221;0&#8243; sticky_enabled=&#8221;0&#8243;]<\/p>\n<h1 style=\"text-align: right;\"><strong>Quincea\u00f1eras en 2026<\/strong><\/h1>\n<h2 style=\"text-align: right;\">Llame a Alicia Ram\u00edrez al 360-691-2636 para programar una cita.<\/h2>\n<h2 style=\"text-align: right;\">Las fechas para las quincea\u00f1eras en 2027 estar\u00e1n disponibles en julio de 2026.<\/h2>\n<p>[\/et_pb_text][\/et_pb_column][\/et_pb_row][et_pb_row _builder_version=&#8221;4.27.4&#8243; _module_preset=&#8221;default&#8221; column_structure=&#8221;1_6,1_6,1_6,1_6,1_6,1_6&#8243;][et_pb_column _builder_version=&#8221;4.27.4&#8243; _module_preset=&#8221;default&#8221; type=&#8221;1_6&#8243;][et_pb_image src=&#8221;https:\/\/hccclakestevens.org\/wp-content\/uploads\/2026\/03\/Maira-Munoz-Aquino-2022.jpg&#8221; _builder_version=&#8221;4.27.4&#8243; _module_preset=&#8221;default&#8221; title_text=&#8221;Maira Munoz Aquino 2022&#8243; hover_enabled=&#8221;0&#8243; sticky_enabled=&#8221;0&#8243;][\/et_pb_image][\/et_pb_column][et_pb_column _builder_version=&#8221;4.27.4&#8243; _module_preset=&#8221;default&#8221; type=&#8221;1_6&#8243;][et_pb_image src=&#8221;https:\/\/hccclakestevens.org\/wp-content\/uploads\/2026\/03\/Yaritza-Aug-2022.jpg&#8221; _builder_version=&#8221;4.27.4&#8243; _module_preset=&#8221;default&#8221; title_text=&#8221;Yaritza Aug 2022&#8243; hover_enabled=&#8221;0&#8243; sticky_enabled=&#8221;0&#8243;][\/et_pb_image][\/et_pb_column][et_pb_column _builder_version=&#8221;4.27.4&#8243; _module_preset=&#8221;default&#8221; type=&#8221;1_6&#8243;][et_pb_image src=&#8221;https:\/\/hccclakestevens.org\/wp-content\/uploads\/2026\/03\/Quince-Feb-12-2022.jpg&#8221; _builder_version=&#8221;4.27.4&#8243; _module_preset=&#8221;default&#8221; title_text=&#8221;Quince Feb 12 2022&#8243; hover_enabled=&#8221;0&#8243; sticky_enabled=&#8221;0&#8243;][\/et_pb_image][\/et_pb_column][et_pb_column _builder_version=&#8221;4.27.4&#8243; _module_preset=&#8221;default&#8221; type=&#8221;1_6&#8243;][et_pb_image src=&#8221;https:\/\/hccclakestevens.org\/wp-content\/uploads\/2026\/03\/Quince-Feb-12-2022-2.jpg&#8221; _builder_version=&#8221;4.27.4&#8243; _module_preset=&#8221;default&#8221; title_text=&#8221;Quince Feb 12 2022 (2)&#8221; hover_enabled=&#8221;0&#8243; sticky_enabled=&#8221;0&#8243;][\/et_pb_image][\/et_pb_column][et_pb_column _builder_version=&#8221;4.27.4&#8243; _module_preset=&#8221;default&#8221; type=&#8221;1_6&#8243;][et_pb_image src=&#8221;https:\/\/hccclakestevens.org\/wp-content\/uploads\/2026\/03\/Damaris-July-2022.jpg&#8221; _builder_version=&#8221;4.27.4&#8243; _module_preset=&#8221;default&#8221; title_text=&#8221;Damaris July 2022&#8243; hover_enabled=&#8221;0&#8243; sticky_enabled=&#8221;0&#8243;][\/et_pb_image][\/et_pb_column][et_pb_column _builder_version=&#8221;4.27.4&#8243; _module_preset=&#8221;default&#8221; type=&#8221;1_6&#8243;][et_pb_image src=&#8221;https:\/\/hccclakestevens.org\/wp-content\/uploads\/2026\/03\/Alexandra-Pena-Ortiz-2022.jpg&#8221; _builder_version=&#8221;4.27.4&#8243; _module_preset=&#8221;default&#8221; title_text=&#8221;Alexandra Pena Ortiz 2022&#8243; hover_enabled=&#8221;0&#8243; sticky_enabled=&#8221;0&#8243;][\/et_pb_image][\/et_pb_column][\/et_pb_row][et_pb_row _builder_version=&#8221;4.27.4&#8243; _module_preset=&#8221;default&#8221; column_structure=&#8221;1_3,1_3,1_3&#8243;][et_pb_column _builder_version=&#8221;4.27.4&#8243; _module_preset=&#8221;default&#8221; type=&#8221;1_3&#8243;][et_pb_image src=&#8221;https:\/\/hccclakestevens.org\/wp-content\/uploads\/2026\/03\/Yurixsi-Garcia-2022.jpg&#8221; _builder_version=&#8221;4.27.4&#8243; _module_preset=&#8221;default&#8221; title_text=&#8221;Yurixsi Garcia 2022&#8243; align=&#8221;center&#8221; hover_enabled=&#8221;0&#8243; sticky_enabled=&#8221;0&#8243;][\/et_pb_image][\/et_pb_column][et_pb_column _builder_version=&#8221;4.27.4&#8243; _module_preset=&#8221;default&#8221; type=&#8221;1_3&#8243;][et_pb_image src=&#8221;https:\/\/hccclakestevens.org\/wp-content\/uploads\/2026\/03\/Jennifer-Bedolla-2022.jpg&#8221; _builder_version=&#8221;4.27.4&#8243; _module_preset=&#8221;default&#8221; title_text=&#8221;Jennifer Bedolla 2022&#8243; hover_enabled=&#8221;0&#8243; sticky_enabled=&#8221;0&#8243;][\/et_pb_image][\/et_pb_column][et_pb_column _builder_version=&#8221;4.27.4&#8243; _module_preset=&#8221;default&#8221; type=&#8221;1_3&#8243;][et_pb_image src=&#8221;https:\/\/hccclakestevens.org\/wp-content\/uploads\/2026\/03\/Jessica-y-Alicia-Cordero-2022.jpg&#8221; _builder_version=&#8221;4.27.4&#8243; _module_preset=&#8221;default&#8221; title_text=&#8221;Jessica y Alicia Cordero 2022&#8243; hover_enabled=&#8221;0&#8243; sticky_enabled=&#8221;0&#8243;][\/et_pb_image][\/et_pb_column][\/et_pb_row][\/et_pb_section]<\/p>\n","protected":false},"excerpt":{"rendered":"<p>Quincea\u00f1eras in 2026 &nbsp; Call Alicia Ramirez at 360-691-2636 to make an appointment. Dates for Quincea\u00f1eras in 2027 will be available in July 2026.\u00a0 Quincea\u00f1eras en 2026 Llame a Alicia Ram\u00edrez al 360-691-2636 para programar una cita. Las fechas para las quincea\u00f1eras en 2027 estar\u00e1n disponibles en julio de 2026.<\/p>\n","protected":false},"author":2,"featured_media":0,"parent":0,"menu_order":0,"comment_status":"closed","ping_status":"closed","template":"","meta":{"_et_pb_use_builder":"on","_et_pb_old_content":"<!-- wp:paragraph -->\n<p><strong>Quincea\u00f1eras en 2025<\/strong><\/p>\n<!-- \/wp:paragraph -->\n\n<!-- wp:paragraph -->\n<p>Dates available in 2025, all starting at Noon (12 PM):<\/p>\n<!-- \/wp:paragraph -->\n\n<!-- wp:paragraph -->\n<p>April 26,&nbsp; May 31,&nbsp; June 28,&nbsp; July 26,&nbsp; August 30,&nbsp; September 27<\/p>\n<!-- \/wp:paragraph -->\n\n<!-- wp:paragraph -->\n<p>The Quinceaneara is a time of thanksgiving for faith, life, family and community. The following are the policy and guidelines for our Holy Cross quinceanera program:<\/p>\n<!-- \/wp:paragraph -->\n\n<!-- wp:list {\"ordered\":true} -->\n<ol><!-- wp:list-item -->\n<li>The family must be registered and living within the parish fora  period of 1 year prior to the date of the quinceanera celebration.<\/li>\n<!-- \/wp:list-item -->\n\n<!-- wp:list-item -->\n<li>The family should be attending Mass weekly and donating.<\/li>\n<!-- \/wp:list-item -->\n\n<!-- wp:list-item -->\n<li>The honoree must have been baptized in the Roman Catholic Church and must have received First Communion and Confirmation before the date of the ceremony.<\/li>\n<!-- \/wp:list-item -->\n\n<!-- wp:list-item -->\n<li><strong>The honoree must be Confirmed at Holy Cross before the ceremony.<\/strong><\/li>\n<!-- \/wp:list-item -->\n\n<!-- wp:list-item -->\n<li>The Quince Anos ceremony is not a sacrament of the Catholic Church. Every effort must be made to distinguish this event as a sacramental--like daily prayer and special blessings. Since white is the color worn for Sacraments of Baptism, Eucharist and Matrimony, the Quince Anos honoroee may not wear a purely white dress nor a light beige dress.<\/li>\n<!-- \/wp:list-item -->\n\n<!-- wp:list-item -->\n<li>The procession will include the honoree, her parents and no one else! The honoree will walk in with her parents and no one else.<\/li>\n<!-- \/wp:list-item -->\n\n<!-- wp:list-item -->\n<li>The Quinceaneras are celebrated normally on Saturdays at Noon.<\/li>\n<!-- \/wp:list-item -->\n\n<!-- wp:list-item -->\n<li>The honoree, the family, and all other participants are encouraged to celebrate the Sacrament of Reconciliation (confession) before the day of the ceremony.<\/li>\n<!-- \/wp:list-item -->\n\n<!-- wp:list-item -->\n<li>Music is provided by the parish. No outside music groups! The fee for the singer\/musician is $350.00 and to be paid one week before the service. The music director is Antonio Carrillo. Contact him at 425-319-4622 to arrange payment. <\/li>\n<!-- \/wp:list-item -->\n\n<!-- wp:list-item -->\n<li>The fee for the church is $500.00 and is paid to Holy Cross Parish at the time of registration for the quinceanera. The fee is paid at the parish office, which is open Monday through Thursday, 9:00 am-4:00 pm. Call Alicia Ramirez, administrator, at 360-691-2636 if you have any questions. <\/li>\n<!-- \/wp:list-item --><\/ol>\n<!-- \/wp:list -->\n\n<!-- wp:paragraph -->\n<p>Quincea\u00f1eras en 2025<\/p>\n<!-- \/wp:paragraph -->\n\n<!-- wp:paragraph -->\n<p>Fechas disponibles en 2025, todas a partir del mediod\u00eda (12 p. m.):<\/p>\n<!-- \/wp:paragraph -->\n\n<!-- wp:paragraph -->\n<p>26 de abril, 31 de mayo, 28 de junio, 26 de julio, 30 de agosto, 27 de septiembre<\/p>\n<!-- \/wp:paragraph -->\n\n<!-- wp:paragraph -->\n<p>La quincea\u00f1era es un momento de acci\u00f3n de gracias por la fe, la vida, la familia y la comunidad. Las siguientes son las pol\u00edticas y pautas para nuestro programa de quincea\u00f1eras de Holy Cross:<\/p>\n<!-- \/wp:paragraph -->\n\n<!-- wp:list {\"ordered\":true} -->\n<ol><!-- wp:list-item -->\n<li>La familia debe estar registrada y vivir en la parroquia por un per\u00edodo de 1 a\u00f1o antes de la fecha de la celebraci\u00f3n de la quincea\u00f1era.<\/li>\n<!-- \/wp:list-item -->\n\n<!-- wp:list-item -->\n<li>La familia debe asistir a misa semanalmente y donar.<\/li>\n<!-- \/wp:list-item -->\n\n<!-- wp:list-item -->\n<li>La homenajeada debe haber sido bautizada en la Iglesia Cat\u00f3lica Romana y debe haber recibido la Primera Comuni\u00f3n y la Confirmaci\u00f3n antes de la fecha de la ceremonia.<\/li>\n<!-- \/wp:list-item -->\n\n<!-- wp:list-item -->\n<li><strong>La homenajeada debe ser Confirmada en la Santa Cruz antes de la ceremonia.<\/strong><\/li>\n<!-- \/wp:list-item -->\n\n<!-- wp:list-item -->\n<li>La ceremonia de los Quince A\u00f1os no es un sacramento de la Iglesia Cat\u00f3lica. Se debe hacer todo lo posible para distinguir este evento como un sacramento, como la oraci\u00f3n diaria y las bendiciones especiales. Si el blanco es el color que se usa para los sacramentos del Bautismo, la Eucarist\u00eda y el Matrimonio, la homenajeada de los Quince A\u00f1os no puede usar un vestido completamente blanco ni un vestido beige claro.<\/li>\n<!-- \/wp:list-item -->\n\n<!-- wp:list-item -->\n<li>\u00a1La procesi\u00f3n incluir\u00e1 a la homenajeada, sus padres y nadie m\u00e1s! La homenajeada entrar\u00e1 con sus padres y nadie m\u00e1s.<\/li>\n<!-- \/wp:list-item -->\n\n<!-- wp:list-item -->\n<li>Las Quincea\u00f1eras se celebran normalmente los s\u00e1bados al mediod\u00eda.<\/li>\n<!-- \/wp:list-item -->\n\n<!-- wp:list-item -->\n<li>Se anima al homenajeado, a la familia y a todos los dem\u00e1s participantes a celebrar el Sacramento de la Reconciliaci\u00f3n (confesi\u00f3n) antes del d\u00eda de la ceremonia.<\/li>\n<!-- \/wp:list-item -->\n\n<!-- wp:list-item -->\n<li>La m\u00fasica la proporciona la parroquia. \u00a1No se permiten grupos musicales externos! La tarifa para el cantante\/m\u00fasico es de $350.00 y se debe pagar una semana antes del servicio. El director musical es Antonio Carrillo. Comun\u00edquese con \u00e9l al 425-319-4622 para coordinar el pago.<\/li>\n<!-- \/wp:list-item -->\n\n<!-- wp:list-item -->\n<li>La tarifa para la iglesia es de $500.00 y se paga a la Parroquia de la Santa Cruz al momento de la inscripci\u00f3n para la quincea\u00f1era. La tarifa se paga en la oficina parroquial, que est\u00e1 abierta de lunes a jueves, de 9:00 a. m. a 4:00 p. m. Llame a Alicia Ram\u00edrez, administradora, al 360-691-2636 si tiene alguna pregunta.<\/li>\n<!-- \/wp:list-item --><\/ol>\n<!-- \/wp:list -->","_et_gb_content_width":"","footnotes":""},"class_list":["post-5861","page","type-page","status-publish","hentry"],"_links":{"self":[{"href":"https:\/\/hccclakestevens.org\/index.php\/wp-json\/wp\/v2\/pages\/5861","targetHints":{"allow":["GET"]}}],"collection":[{"href":"https:\/\/hccclakestevens.org\/index.php\/wp-json\/wp\/v2\/pages"}],"about":[{"href":"https:\/\/hccclakestevens.org\/index.php\/wp-json\/wp\/v2\/types\/page"}],"author":[{"embeddable":true,"href":"https:\/\/hccclakestevens.org\/index.php\/wp-json\/wp\/v2\/users\/2"}],"replies":[{"embeddable":true,"href":"https:\/\/hccclakestevens.org\/index.php\/wp-json\/wp\/v2\/comments?post=5861"}],"version-history":[{"count":12,"href":"https:\/\/hccclakestevens.org\/index.php\/wp-json\/wp\/v2\/pages\/5861\/revisions"}],"predecessor-version":[{"id":6702,"href":"https:\/\/hccclakestevens.org\/index.php\/wp-json\/wp\/v2\/pages\/5861\/revisions\/6702"}],"wp:attachment":[{"href":"https:\/\/hccclakestevens.org\/index.php\/wp-json\/wp\/v2\/media?parent=5861"}],"curies":[{"name":"wp","href":"https:\/\/api.w.org\/{rel}","templated":true}]}}