{"id":384,"date":"2015-10-05T14:06:29","date_gmt":"2015-10-05T14:06:29","guid":{"rendered":"http:\/\/66.42.78.89\/?page_id=384"},"modified":"2026-04-21T17:36:02","modified_gmt":"2026-04-21T17:36:02","slug":"youth-confirmation","status":"publish","type":"page","link":"https:\/\/hccclakestevens.org\/index.php\/youth-confirmation\/","title":{"rendered":"Youth Confirmation"},"content":{"rendered":"<p>[et_pb_section fb_built=&#8221;1&#8243; admin_label=&#8221;section&#8221; _builder_version=&#8221;4.16&#8243; global_colors_info=&#8221;{}&#8221;][et_pb_row _builder_version=&#8221;4.27.4&#8243; _module_preset=&#8221;default&#8221; global_colors_info=&#8221;{}&#8221;][et_pb_column type=&#8221;4_4&#8243; _builder_version=&#8221;4.27.4&#8243; _module_preset=&#8221;default&#8221; global_colors_info=&#8221;{}&#8221;][et_pb_text _builder_version=&#8221;4.27.4&#8243; _module_preset=&#8221;default&#8221; hover_enabled=&#8221;0&#8243; global_colors_info=&#8221;{}&#8221; sticky_enabled=&#8221;0&#8243;]<\/p>\n<h3 style=\"text-align: center;\">We start registrations for next year\u2019s class on June 1, 2026.<\/h3>\n<p>[\/et_pb_text][et_pb_text _builder_version=&#8221;4.27.4&#8243; _module_preset=&#8221;default&#8221; box_shadow_style=&#8221;preset5&#8243; box_shadow_color=&#8221;#E02B20&#8243; global_colors_info=&#8221;{}&#8221;]<\/p>\n<h2 style=\"text-align: center;\"><span style=\"text-decoration: underline;\"><a href=\"https:\/\/hccclakestevens.org\/wp-content\/uploads\/2026\/02\/2026-Conf-Sponsor-Form.pdf\">2026 Confirmation Sponsor Form<\/a><\/span><\/h2>\n<p>[\/et_pb_text][\/et_pb_column][\/et_pb_row][et_pb_row _builder_version=&#8221;4.16&#8243; _module_preset=&#8221;default&#8221; global_colors_info=&#8221;{}&#8221;][et_pb_column type=&#8221;4_4&#8243; _builder_version=&#8221;4.16&#8243; _module_preset=&#8221;default&#8221; global_colors_info=&#8221;{}&#8221;][et_pb_text admin_label=&#8221;Text&#8221; _builder_version=&#8221;4.27.4&#8243; background_size=&#8221;initial&#8221; background_position=&#8221;top_left&#8221; background_repeat=&#8221;repeat&#8221; use_border_color=&#8221;off&#8221; border_color=&#8221;#ffffff&#8221; border_style=&#8221;solid&#8221; global_colors_info=&#8221;{}&#8221;]<\/p>\n<h4 style=\"text-align: left;\"><b><span color=\"#990000\" style=\"color: #990000;\"><span size=\"6\" style=\"font-size: xx-large;\">Youth Confirmation Program<\/span><br \/><span size=\"4\" style=\"font-size: large;\">Registration opens June 1, 2026<\/span><\/span><\/b><\/h4>\n<p><span style=\"color: #000000;\">\u00a0<em>updated September 8, 2025<\/em><\/span><\/p>\n<p><span style=\"color: #000000;\">All Catholics should be Confirmed to be fully initiated into the faith and equipped to live out their Baptismal promises. The process for adults seeking Confirmation will be the same as for the youth, but the study material may be different.\u00a0<\/span><\/p>\n<p><span style=\"color: #000000;\"><b>What is Confirmation? Who can be Confirmed?<\/b><\/span><br \/><span style=\"color: #000000;\">Confirmation is the Sacrament in which a Baptized Christian receives more fully the Gifts of the Holy Spirit through the Bishop anointing him\/her with chrism oil. The Holy Spirit gives these gifts for the building of the kingdom of God, equipping us to make disciples and to spread the Gospel. A Confirmed person is a mature Catholic who can then be a godparent\/sponsor, and be married in the Church.\u00a0<u>In the archdiocese of Seattle, the normal age of Confirmation is 12 years old.<\/u><\/span><\/p>\n<div style=\"text-align: left;\">\n<ul>\n<li><i style=\"color: #000000; font-size: 15px;\">Questions? Contact LeeAnn Balbirona, Pastoral Assistant for Faith Formation, 360-691-2636,\u00a0<a href=\"mailto:youth@hccclakestevens.org\" target=\"_blank\" rel=\"noopener noreferrer\" style=\"color: #000000;\">youth@hccclakestevens.org<\/a><\/i><\/li>\n<\/ul>\n<\/div>\n<p>[\/et_pb_text][et_pb_text _builder_version=&#8221;4.27.4&#8243; global_colors_info=&#8221;{}&#8221;]<\/p>\n<div>\n<p>Todos los cat\u00f3licos deben ser confirmados para estar completamente iniciados en la fe y equipados para vivir sus promesas bautismales. El proceso para los adultos que buscan la Confirmaci\u00f3n ser\u00e1 el mismo que para los j\u00f3venes, pero el material de estudio puede ser diferente.<\/p>\n<p><strong><\/strong><\/p>\n<p><span><b><span color=\"#990000\">\u00bfQu\u00e9 es la confirmaci\u00f3n? \u00bfQui\u00e9n puede ser confirmado?<\/span><\/b><\/span><\/p>\n<\/div>\n<div>\n<p><span color=\"#990000\"><b><br \/><\/b>La confirmaci\u00f3n es el sacramento en el que un cristiano bautizado recibe m\u00e1s plenamente los dones del Esp\u00edritu Santo a trav\u00e9s del obispo que lo unge con aceite de crisma. El Esp\u00edritu Santo da estos dones para la edificaci\u00f3n del reino de Dios, equip\u00e1ndonos para hacer disc\u00edpulos y difundir el Evangelio. Una persona confirmada es un cat\u00f3lico maduro que luego puede ser un padrino \/ padrino y casarse en la Iglesia.\u00a0<u>En la arquidi\u00f3cesis de Seattle, la edad normal de confirmaci\u00f3n es de 12 a\u00f1os.<\/u><\/span><\/p>\n<p><span color=\"#990000\"><u><\/u><\/span><\/p>\n<ul>\n<li><i><span color=\"#990000\">Contacte a Alicia Ramirez al 360-691-2636 para m\u00e1s informaci\u00f3n en espa\u00f1ol.<\/span><\/i><\/li>\n<\/ul>\n<\/div>\n<p>[\/et_pb_text][et_pb_image src=&#8221;https:\/\/hccclakestevens.org\/wp-content\/uploads\/2025\/05\/CONFIRMATION-MASS-2019.jpg&#8221; title_text=&#8221;CONFIRMATION MASS 2019&#8243; align=&#8221;center&#8221; _builder_version=&#8221;4.27.4&#8243; _module_preset=&#8221;default&#8221; global_colors_info=&#8221;{}&#8221;][\/et_pb_image][\/et_pb_column][\/et_pb_row][\/et_pb_section]<\/p>\n","protected":false},"excerpt":{"rendered":"<p>We start registrations for next year\u2019s class on June 1, 2026.2026 Confirmation Sponsor FormYouth Confirmation ProgramRegistration opens June 1, 2026 \u00a0updated September 8, 2025 All Catholics should be Confirmed to be fully initiated into the faith and equipped to live out their Baptismal promises. The process for adults seeking Confirmation will be the same as [&hellip;]<\/p>\n","protected":false},"author":2,"featured_media":0,"parent":0,"menu_order":0,"comment_status":"closed","ping_status":"closed","template":"","meta":{"_et_pb_use_builder":"on","_et_pb_old_content":"","_et_gb_content_width":"","footnotes":""},"class_list":["post-384","page","type-page","status-publish","hentry"],"_links":{"self":[{"href":"https:\/\/hccclakestevens.org\/index.php\/wp-json\/wp\/v2\/pages\/384","targetHints":{"allow":["GET"]}}],"collection":[{"href":"https:\/\/hccclakestevens.org\/index.php\/wp-json\/wp\/v2\/pages"}],"about":[{"href":"https:\/\/hccclakestevens.org\/index.php\/wp-json\/wp\/v2\/types\/page"}],"author":[{"embeddable":true,"href":"https:\/\/hccclakestevens.org\/index.php\/wp-json\/wp\/v2\/users\/2"}],"replies":[{"embeddable":true,"href":"https:\/\/hccclakestevens.org\/index.php\/wp-json\/wp\/v2\/comments?post=384"}],"version-history":[{"count":175,"href":"https:\/\/hccclakestevens.org\/index.php\/wp-json\/wp\/v2\/pages\/384\/revisions"}],"predecessor-version":[{"id":6760,"href":"https:\/\/hccclakestevens.org\/index.php\/wp-json\/wp\/v2\/pages\/384\/revisions\/6760"}],"wp:attachment":[{"href":"https:\/\/hccclakestevens.org\/index.php\/wp-json\/wp\/v2\/media?parent=384"}],"curies":[{"name":"wp","href":"https:\/\/api.w.org\/{rel}","templated":true}]}}