{"id":36,"date":"2015-07-25T11:29:50","date_gmt":"2015-07-25T11:29:50","guid":{"rendered":"http:\/\/66.42.78.89\/?page_id=36"},"modified":"2026-04-22T18:10:12","modified_gmt":"2026-04-22T18:10:12","slug":"home","status":"publish","type":"page","link":"https:\/\/hccclakestevens.org\/","title":{"rendered":"Home"},"content":{"rendered":"<p>[et_pb_section fb_built=&#8221;1&#8243; fullwidth=&#8221;on&#8221; _builder_version=&#8221;4.16&#8243; global_colors_info=&#8221;{}&#8221;][et_pb_fullwidth_image src=&#8221;http:\/\/66.42.78.89\/wp-content\/uploads\/2019\/06\/New-church-with-sign.jpg&#8221; _builder_version=&#8221;4.16&#8243; global_colors_info=&#8221;{}&#8221;][\/et_pb_fullwidth_image][\/et_pb_section][et_pb_section fb_built=&#8221;1&#8243; custom_padding_last_edited=&#8221;on|desktop&#8221; admin_label=&#8221;section&#8221; _builder_version=&#8221;4.16&#8243; background_color=&#8221;#ffffff&#8221; custom_padding=&#8221;0||0|&#8221; custom_padding_tablet=&#8221;50px|0|50px|0&#8243; custom_padding_phone=&#8221;&#8221; transparent_background=&#8221;off&#8221; padding_mobile=&#8221;off&#8221; global_colors_info=&#8221;{}&#8221;][et_pb_row column_structure=&#8221;1_3,1_3,1_3&#8243; _builder_version=&#8221;4.27.4&#8243; _module_preset=&#8221;default&#8221; global_colors_info=&#8221;{}&#8221;][et_pb_column type=&#8221;1_3&#8243; _builder_version=&#8221;4.27.4&#8243; _module_preset=&#8221;default&#8221; global_colors_info=&#8221;{}&#8221;][et_pb_image src=&#8221;https:\/\/hccclakestevens.org\/wp-content\/uploads\/2026\/03\/Screenshot-20.png&#8221; title_text=&#8221;Screenshot (20)&#8221; align=&#8221;center&#8221; _builder_version=&#8221;4.27.4&#8243; _module_preset=&#8221;default&#8221; custom_padding=&#8221;|0px||||&#8221; global_colors_info=&#8221;{}&#8221;][\/et_pb_image][\/et_pb_column][et_pb_column type=&#8221;1_3&#8243; _builder_version=&#8221;4.27.4&#8243; _module_preset=&#8221;default&#8221; global_colors_info=&#8221;{}&#8221;][et_pb_image src=&#8221;https:\/\/hccclakestevens.org\/wp-content\/uploads\/2026\/03\/bilingual-smv-logo.jpg&#8221; title_text=&#8221;bilingual-smv-logo&#8221; align=&#8221;center&#8221; _builder_version=&#8221;4.27.4&#8243; _module_preset=&#8221;default&#8221; global_colors_info=&#8221;{}&#8221;][\/et_pb_image][\/et_pb_column][et_pb_column type=&#8221;1_3&#8243; _builder_version=&#8221;4.27.4&#8243; _module_preset=&#8221;default&#8221; global_colors_info=&#8221;{}&#8221;][et_pb_image src=&#8221;https:\/\/hccclakestevens.org\/wp-content\/uploads\/2026\/03\/LOGO-HOLY-CROSS-tumbnail.png&#8221; title_text=&#8221;LOGO HOLY CROSS tumbnail&#8221; align=&#8221;center&#8221; _builder_version=&#8221;4.27.4&#8243; _module_preset=&#8221;default&#8221; custom_padding=&#8221;||0px|||&#8221; global_colors_info=&#8221;{}&#8221;][\/et_pb_image][\/et_pb_column][\/et_pb_row][et_pb_row column_structure=&#8221;1_2,1_2&#8243; _builder_version=&#8221;4.27.4&#8243; _module_preset=&#8221;default&#8221; custom_margin=&#8221;|auto|80px|auto||&#8221; custom_padding=&#8221;||0px|||&#8221; global_colors_info=&#8221;{}&#8221;][et_pb_column type=&#8221;1_2&#8243; _builder_version=&#8221;4.27.4&#8243; _module_preset=&#8221;default&#8221; global_colors_info=&#8221;{}&#8221;][et_pb_image src=&#8221;https:\/\/hccclakestevens.org\/wp-content\/uploads\/2026\/04\/April-27th-ACA-HCCC.png&#8221; _builder_version=&#8221;4.27.4&#8243; _module_preset=&#8221;default&#8221; title_text=&#8221;April 27th ACA HCCC&#8221; width=&#8221;100%&#8221; hover_enabled=&#8221;0&#8243; sticky_enabled=&#8221;0&#8243; max_width=&#8221;100%&#8221;][\/et_pb_image][\/et_pb_column][et_pb_column type=&#8221;1_2&#8243; _builder_version=&#8221;4.27.4&#8243; _module_preset=&#8221;default&#8221; global_colors_info=&#8221;{}&#8221;][et_pb_image src=&#8221;https:\/\/hccclakestevens.org\/wp-content\/uploads\/2026\/04\/ACA-2026-Donate-button-3x1_Eng.png&#8221; title_text=&#8221;ACA 2026 Donate button 3x1_Eng&#8221; url=&#8221;https:\/\/archseattle.org\/give-serve\/giving-opportunities\/annual-catholic-appeal\/aca-2026-5\/&#8221; url_new_window=&#8221;on&#8221; _builder_version=&#8221;4.27.4&#8243; _module_preset=&#8221;default&#8221; global_colors_info=&#8221;{}&#8221;][\/et_pb_image][et_pb_image src=&#8221;https:\/\/hccclakestevens.org\/wp-content\/uploads\/2026\/04\/ACA-2026-Donate-button-3x1_Span.png&#8221; title_text=&#8221;ACA 2026 Donate button 3x1_Span&#8221; url=&#8221;https:\/\/archseattle.org\/give-serve\/giving-opportunities\/annual-catholic-appeal\/aca-2026-5\/&#8221; url_new_window=&#8221;on&#8221; _builder_version=&#8221;4.27.4&#8243; _module_preset=&#8221;default&#8221; width=&#8221;100%&#8221; max_width=&#8221;100%&#8221; global_colors_info=&#8221;{}&#8221;][\/et_pb_image][et_pb_video src=&#8221;https:\/\/vimeo.com\/1170097924?fl=pl&#038;fe=sh&#8221; _builder_version=&#8221;4.27.4&#8243; _module_preset=&#8221;default&#8221; global_colors_info=&#8221;{}&#8221;][\/et_pb_video][\/et_pb_column][\/et_pb_row][et_pb_row _builder_version=&#8221;4.16&#8243; width=&#8221;100%&#8221; custom_margin=&#8221;|211px||212px||&#8221; custom_padding=&#8221;|||0px||&#8221; global_colors_info=&#8221;{}&#8221;][et_pb_column type=&#8221;4_4&#8243; _builder_version=&#8221;4.16&#8243; global_colors_info=&#8221;{}&#8221;][et_pb_text _builder_version=&#8221;4.27.4&#8243; _module_preset=&#8221;default&#8221; global_colors_info=&#8221;{}&#8221;]<\/p>\n<p style=\"text-align: center;\"><span style=\"font-size: xx-large;\"><strong><span style=\"color: #000000;\"><span size=\"5\">East Snohomish County\u00a0<\/span><\/span><\/strong><strong><span style=\"color: #000000;\"><span size=\"5\">Catholic Parishes<\/span><\/span><\/strong><\/span><\/p>\n<p style=\"text-align: center;\"><span style=\"color: #000000; font-size: xx-large;\"><span size=\"5\" color=\"#8d2424\">\u200bParish Family #8<\/span><\/span><\/p>\n<h2 style=\"text-align: center;\"><span style=\"font-size: x-large; color: #303030;\"><span size=\"5\" color=\"#8d2424\"><span style=\"text-decoration: underline; font-family: inherit; font-weight: normal;\"><a href=\"https:\/\/stmichaelsnohomish.org\/\" target=\"_blank\" rel=\"noopener noreferrer\" style=\"color: #303030; text-decoration: underline;\">St. Michael<\/a><\/span><span style=\"font-family: inherit; font-weight: normal;\"><\/span> ~~\u00a0<\/span><span style=\"text-decoration-line: underline; font-family: inherit;\"><span color=\"#000dab\"><\/span><\/span><span style=\"text-decoration-line: underline; font-family: inherit;\"><span color=\"#000dab\"><a href=\"https:\/\/www.stmaryvalley.org\/\" target=\"_blank\" rel=\"noopener noreferrer\" style=\"color: #303030;\">St. Mary of the Valley<\/a><\/span><\/span><span style=\"font-family: inherit;\"><span color=\"#000dab\"><\/span><\/span> ~~ \u00a0<span style=\"font-family: inherit; text-decoration-line: underline;\"><a href=\"hccclakestevens.org\" style=\"color: #303030;\">Holy Cross<\/a><\/span><\/span><\/h2>\n<p>[\/et_pb_text][et_pb_text _builder_version=&#8221;4.27.4&#8243; width=&#8221;100%&#8221; global_colors_info=&#8221;{}&#8221;]<\/p>\n<h1 style=\"text-align: center;\"><span style=\"font-size: xx-large;\"><span style=\"color: #000000;\"><strong>Holy Cross\u00a0<\/strong><\/span><span style=\"color: #000000;\"><strong>Catholic Church\u00a0<\/strong><\/span><span style=\"color: #000000;\"><strong>of Lake Stevens\u00a0<\/strong><\/span><span style=\"color: #000000;\"><strong>and Granite Falls<\/strong><\/span><\/span><\/h1>\n<h1><span style=\"font-size: large;\"><span style=\"color: #000000;\"><strong><\/strong><\/span><\/span><\/h1>\n<p><span style=\"font-size: large;\"><span style=\"color: #000000;\"><strong><\/strong><\/span><\/span><\/p>\n<h1 style=\"text-align: center;\"><span style=\"font-size: x-large; color: #494949;\"><strong>Mailing Address: <\/strong>PO Box 746,\u00a0Lake Stevens, WA 98258<\/span><\/h1>\n<h1 style=\"text-align: center;\"><span style=\"font-size: x-large; color: #494949;\"><span style=\"font-family: inherit; font-weight: normal;\"><strong>Street Address:<\/strong> 6915 SR 92,\u00a0<\/span><span style=\"font-family: inherit; font-weight: normal;\">Lake Stevens, WA 98258<\/span><\/span><\/h1>\n<h1 style=\"text-align: center;\"><span style=\"font-size: x-large; color: #494949;\"><strong><span style=\"font-family: inherit;\">Phone: <\/span><\/strong><span style=\"font-family: inherit;\">360-691-2636<\/span><\/span><\/h1>\n<h1 style=\"text-align: center;\"><span style=\"font-size: x-large; color: #494949;\"><strong><span style=\"font-family: inherit;\">Office Hours: <\/span><\/strong><span style=\"font-family: inherit;\">Mon-Thur 9-4<\/span><\/span><\/h1>\n<p>[\/et_pb_text][et_pb_text _builder_version=&#8221;4.27.4&#8243; global_colors_info=&#8221;{}&#8221;]<\/p>\n<h2 style=\"text-align: center;\"><span class=\"S1PPyQ\" style=\"color: #000000; font-size: x-large;\">We are a welcoming Catholic Community,\u00a0strengthened by the Holy Spirit, guided by the universal Church, for the transformation of ourselves and the world. Working together to proclaim the good news of Jesus Christ through the celebration of the liturgy and the Sacraments, Faith Formation for all ages and Outreach to those with material and spiritual needs.<\/span><\/h2>\n<p>[\/et_pb_text][et_pb_text _builder_version=&#8221;4.16&#8243; global_colors_info=&#8221;{}&#8221;]<\/p>\n<h3 style=\"text-align: center;\"><span style=\"font-size: x-large;\"><em><strong><span style=\"color: #0c71c3;\">Welcome to Holy Cross! <\/span><\/strong><\/em><em><strong><span style=\"color: #0c71c3;\">We&#8217;re glad you&#8217;re here.\u00a0<\/span><\/strong><\/em><em><span class=\"S1PPyQ\" style=\"color: #0c71c3;\">Are you new to the parish?\u00a0 <\/span><\/em><em><span class=\"S1PPyQ\" style=\"color: #0c71c3;\">Come\u00a0by\u00a0the\u00a0<\/span><\/em><em><span class=\"S1PPyQ\" style=\"color: #0c71c3;\">office\u00a0to\u00a0register\u00a0and\u00a0be\u00a0added\u00a0 to\u00a0our members\u00a0list.<\/span><\/em><\/span><\/h3>\n<p>[\/et_pb_text][et_pb_text _builder_version=&#8221;4.27.4&#8243; _module_preset=&#8221;default&#8221; custom_padding=&#8221;0px||28px|||&#8221; global_colors_info=&#8221;{}&#8221;]<\/p>\n<h1 style=\"text-align: center;\"><span style=\"text-decoration: underline; color: #0c71c3;\"><a href=\"http:\/\/66.42.78.89\/wp-content\/uploads\/2023\/05\/EN-Parish-Registration-2023.pdf\" style=\"color: #0c71c3;\"><em>Register In the Parish<\/em><\/a><\/span><\/h1>\n<p>[\/et_pb_text][et_pb_text _builder_version=&#8221;4.16&#8243; global_colors_info=&#8221;{}&#8221;]<\/p>\n<h2 style=\"text-align: center;\"><span class=\"S1PPyQ\" style=\"color: #000000; font-size: x-large;\">Hermanos y hermanas bienvenidos &#8230; somos una comunidad cat\u00f3lica acogedora, fortalecida por el Esp\u00edritu Santo, guiada por la Iglesia universal, para la transformaci\u00f3n de nosotros mismos y del mundo. Trabajamos juntos para proclamar las buenas nuevas de Jesucristo a trav\u00e9s de la celebraci\u00f3n de la liturgia y los sacramentos, la formaci\u00f3n en la fe para todas las edades y siempre ayudando en todas las necesidades de nuestra comunidad.<\/span><\/h2>\n<p>[\/et_pb_text][et_pb_text _builder_version=&#8221;4.16&#8243; global_colors_info=&#8221;{}&#8221;]<\/p>\n<h3 style=\"text-align: center;\"><span style=\"font-size: x-large;\"><strong><em><span style=\"color: #0c71c3;\">\u00a1Bienvenidos a Santa Cruz!\u00a0<\/span><\/em><\/strong><strong><em><span style=\"color: #0c71c3;\">Estamos contentos de que est\u00e9s aqu\u00ed.\u00a0<\/span><\/em><\/strong><\/span><span style=\"font-size: x-large;\"><em><span style=\"color: #0c71c3;\">\u00bfEres nuevo en la parroquia?\u00a0<\/span><\/em><em><span style=\"color: #0c71c3;\">Pase por la oficina parroquial para registrarse y ser agregado a nuestra lista de miembros.<\/span><\/em><\/span><\/h3>\n<p>[\/et_pb_text][et_pb_text _builder_version=&#8221;4.27.4&#8243; _module_preset=&#8221;default&#8221; custom_padding=&#8221;||20px|||&#8221; global_colors_info=&#8221;{}&#8221;]<\/p>\n<h1 style=\"text-align: center;\"><span style=\"text-decoration: underline; color: #0c71c3;\"><a style=\"color: #0c71c3;\" href=\"http:\/\/66.42.78.89\/wp-content\/uploads\/2023\/05\/SP-Parish-Registracion-2023.pdf\"><em>Reg\u00edstrate en la Parroquia<\/em><\/a><\/span><\/h1>\n<p>[\/et_pb_text][\/et_pb_column][\/et_pb_row][et_pb_row _builder_version=&#8221;4.16&#8243; _module_preset=&#8221;default&#8221; global_colors_info=&#8221;{}&#8221;][et_pb_column type=&#8221;4_4&#8243; _builder_version=&#8221;4.16&#8243; _module_preset=&#8221;default&#8221; global_colors_info=&#8221;{}&#8221;][et_pb_divider color=&#8221;#e09900&#8243; divider_position=&#8221;center&#8221; divider_weight=&#8221;3&#8243; disabled_on=&#8221;on|on|off&#8221; _builder_version=&#8221;4.16&#8243; height=&#8221;15px&#8221; global_colors_info=&#8221;{}&#8221;][\/et_pb_divider][et_pb_text _builder_version=&#8221;4.27.4&#8243; _module_preset=&#8221;default&#8221; global_colors_info=&#8221;{}&#8221;]<\/p>\n<h1 style=\"text-align: center;\"><span style=\"font-size: xx-large;\"><strong><em>\u00a0Our Parish Community&#8211;<\/em><em>Something for Everyone<\/em><\/strong><\/span><\/h1>\n<p>[\/et_pb_text][\/et_pb_column][\/et_pb_row][et_pb_row _builder_version=&#8221;4.27.4&#8243; _module_preset=&#8221;default&#8221; global_colors_info=&#8221;{}&#8221;][et_pb_column type=&#8221;4_4&#8243; _builder_version=&#8221;4.27.4&#8243; _module_preset=&#8221;default&#8221; global_colors_info=&#8221;{}&#8221;][et_pb_text admin_label=&#8221;News &#038; Upcoming Events&#8221; _builder_version=&#8221;4.27.4&#8243; text_text_color=&#8221;#e02b20&#8243; text_font_size=&#8221;12px&#8221; text_line_height=&#8221;2em&#8221; background_color=&#8221;#ffffff&#8221; background_size=&#8221;initial&#8221; background_position=&#8221;top_left&#8221; background_repeat=&#8221;repeat&#8221; use_border_color=&#8221;off&#8221; global_colors_info=&#8221;{}&#8221;]<\/p>\n<h1 style=\"text-align: center;\"><strong>News &amp; Upcoming Events<\/strong><\/h1>\n<p style=\"text-align: center;\"><strong><span style=\"font-size: x-large; color: #126d24;\"><span style=\"font-family: inherit;\"><a style=\"color: #126d24;\" href=\"https:\/\/parishesonline.com\/organization\/parish-family-8\"><span style=\"text-decoration: underline;\">This Week&#8217;s Bulletin\/<\/span><span style=\"text-decoration: underline;\"><span lang=\"es\">Bolet\u00edn de esta semana<\/span><\/span><\/a><\/span><\/span><\/strong><\/p>\n<p style=\"text-align: center;\"><strong><span style=\"text-decoration: underline; font-size: 24px;\"><a style=\"font-family: inherit;\" href=\"http:\/\/66.42.78.89\/index.php\/calendar\/\"><span style=\"color: #0c71c3; text-decoration: underline;\">Parish Calendar<\/span><\/a><\/span><\/strong><\/p>\n<p style=\"text-align: center;\"><strong><span style=\"text-decoration: underline; font-size: xx-large; font-family: inherit;\"><a href=\"http:\/\/66.42.78.89\/index.php\/youth-program-calendar\/\"><span style=\"font-size: x-large;\"><span style=\"color: #c4007f; text-decoration: underline;\">Children &amp; Youth Calendar<\/span><\/span><\/a><\/span><\/strong><\/p>\n<p>[\/et_pb_text][\/et_pb_column][\/et_pb_row][et_pb_row _builder_version=&#8221;4.27.4&#8243; _module_preset=&#8221;default&#8221; global_colors_info=&#8221;{}&#8221;][et_pb_column type=&#8221;4_4&#8243; _builder_version=&#8221;4.27.4&#8243; _module_preset=&#8221;default&#8221; global_colors_info=&#8221;{}&#8221;][et_pb_image src=&#8221;https:\/\/hccclakestevens.org\/wp-content\/uploads\/2026\/03\/parish-family-Mass-schedule-perpetual.png&#8221; title_text=&#8221;parish family Mass schedule perpetual&#8221; _builder_version=&#8221;4.27.4&#8243; _module_preset=&#8221;default&#8221; global_colors_info=&#8221;{}&#8221;][\/et_pb_image][\/et_pb_column][\/et_pb_row][et_pb_row _builder_version=&#8221;4.16&#8243; global_colors_info=&#8221;{}&#8221;][et_pb_column type=&#8221;4_4&#8243; _builder_version=&#8221;4.16&#8243; global_colors_info=&#8221;{}&#8221;][et_pb_text _builder_version=&#8221;4.27.4&#8243; global_colors_info=&#8221;{}&#8221;]<\/p>\n<h3 style=\"text-align: center;\"><span style=\"color: #000000;\">Information\u00a0on the Sacraments of<strong>\u00a0<\/strong>Baptism, Marriage\u00a0and the Anointing of the Sick\u00a0<span style=\"text-decoration: underline;\"><span style=\"color: #3366ff;\"><strong><a style=\"color: #3366ff; text-decoration: underline;\" href=\"http:\/\/66.42.78.89\/index.php\/sacraments\/\">Here<\/a><\/strong><\/span><\/span><\/span><\/h3>\n<h3 style=\"text-align: center;\">Outreach Food Distribution &#8211; Curbside Pickup Only &#8211; Tuesdays\u00a0 10 AM-12 PM and 2-4 PM<\/h3>\n<p>[\/et_pb_text][et_pb_divider color=&#8221;#e09900&#8243; divider_position=&#8221;center&#8221; divider_weight=&#8221;3&#8243; disabled_on=&#8221;on|on|off&#8221; _builder_version=&#8221;4.16&#8243; height=&#8221;15px&#8221; global_colors_info=&#8221;{}&#8221;][\/et_pb_divider][\/et_pb_column][\/et_pb_row][et_pb_row _builder_version=&#8221;4.27.4&#8243; _module_preset=&#8221;default&#8221; global_colors_info=&#8221;{}&#8221;][et_pb_column type=&#8221;4_4&#8243; _builder_version=&#8221;4.27.4&#8243; _module_preset=&#8221;default&#8221; global_colors_info=&#8221;{}&#8221;][\/et_pb_column][\/et_pb_row][\/et_pb_section][et_pb_section fb_built=&#8221;1&#8243; admin_label=&#8221;section&#8221; _builder_version=&#8221;4.16&#8243; custom_padding=&#8221;0|0|0px|0&#8243; transparent_background=&#8221;off&#8221; global_colors_info=&#8221;{}&#8221;][et_pb_row _builder_version=&#8221;4.27.4&#8243; _module_preset=&#8221;default&#8221; global_colors_info=&#8221;{}&#8221;][et_pb_column type=&#8221;4_4&#8243; _builder_version=&#8221;4.27.4&#8243; _module_preset=&#8221;default&#8221; global_colors_info=&#8221;{}&#8221;][et_pb_image src=&#8221;https:\/\/hccclakestevens.org\/wp-content\/uploads\/2023\/02\/Partners-in-the-Gospel-logo-vertical.png&#8221; title_text=&#8221;Partners in the Gospel logo vertical&#8221; url=&#8221;https:\/\/hccclakestevens.org\/index.php\/parish-council\/&#8221; align=&#8221;center&#8221; _builder_version=&#8221;4.27.4&#8243; _module_preset=&#8221;default&#8221; global_colors_info=&#8221;{}&#8221;][\/et_pb_image][et_pb_text _builder_version=&#8221;4.27.4&#8243; _module_preset=&#8221;default&#8221; link_option_url=&#8221;https:\/\/hccclakestevens.org\/index.php\/parish-council\/&#8221; global_colors_info=&#8221;{}&#8221;]<\/p>\n<h1 style=\"text-align: center;\"><span style=\"text-decoration: underline;\"><span style=\"color: #003366; text-decoration: underline;\">CLICK HERE FOR MORE INFORMATION ABOUT PARISH FAMILY #8 AND THE PARTNERS IN THE GOSPEL PROGRAM<\/span><\/span><\/h1>\n<p>[\/et_pb_text][\/et_pb_column][\/et_pb_row][et_pb_row _builder_version=&#8221;4.27.4&#8243; _module_preset=&#8221;default&#8221; global_colors_info=&#8221;{}&#8221;][et_pb_column type=&#8221;4_4&#8243; _builder_version=&#8221;4.27.4&#8243; _module_preset=&#8221;default&#8221; global_colors_info=&#8221;{}&#8221;][et_pb_image src=&#8221;https:\/\/hccclakestevens.org\/wp-content\/uploads\/2025\/08\/AOS-Brand-Parish-Button1-363&#215;363-1.png&#8221; title_text=&#8221;AOS-Brand-Parish-Button1-363&#215;363&#8243; align=&#8221;center&#8221; _builder_version=&#8221;4.27.4&#8243; _module_preset=&#8221;default&#8221; global_colors_info=&#8221;{}&#8221;][\/et_pb_image][\/et_pb_column][\/et_pb_row][\/et_pb_section]<\/p>\n","protected":false},"excerpt":{"rendered":"<p>http:\/\/66.42.78.89\/wp-admin\/post.php?post=36&amp;action=edit#<\/p>\n","protected":false},"author":2,"featured_media":0,"parent":0,"menu_order":0,"comment_status":"closed","ping_status":"closed","template":"","meta":{"_et_pb_use_builder":"on","_et_pb_old_content":"","_et_gb_content_width":"","footnotes":""},"class_list":["post-36","page","type-page","status-publish","hentry"],"_links":{"self":[{"href":"https:\/\/hccclakestevens.org\/index.php\/wp-json\/wp\/v2\/pages\/36","targetHints":{"allow":["GET"]}}],"collection":[{"href":"https:\/\/hccclakestevens.org\/index.php\/wp-json\/wp\/v2\/pages"}],"about":[{"href":"https:\/\/hccclakestevens.org\/index.php\/wp-json\/wp\/v2\/types\/page"}],"author":[{"embeddable":true,"href":"https:\/\/hccclakestevens.org\/index.php\/wp-json\/wp\/v2\/users\/2"}],"replies":[{"embeddable":true,"href":"https:\/\/hccclakestevens.org\/index.php\/wp-json\/wp\/v2\/comments?post=36"}],"version-history":[{"count":1378,"href":"https:\/\/hccclakestevens.org\/index.php\/wp-json\/wp\/v2\/pages\/36\/revisions"}],"predecessor-version":[{"id":6768,"href":"https:\/\/hccclakestevens.org\/index.php\/wp-json\/wp\/v2\/pages\/36\/revisions\/6768"}],"wp:attachment":[{"href":"https:\/\/hccclakestevens.org\/index.php\/wp-json\/wp\/v2\/media?parent=36"}],"curies":[{"name":"wp","href":"https:\/\/api.w.org\/{rel}","templated":true}]}}